{"id":19217,"date":"2024-01-10T19:35:50","date_gmt":"2024-01-10T19:35:50","guid":{"rendered":"https:\/?post_type=product&#038;p=19217"},"modified":"2024-03-26T21:52:36","modified_gmt":"2024-03-26T21:52:36","slug":"bts-bts-12046-metal-govdeli-diijital-kumpas","status":"publish","type":"product","link":"https:\/\/hirdavatustasi.com\/en\/urun\/bts-bts-12046-metal-govdeli-diijital-kumpas\/","title":{"rendered":"Bts BTS-12046 Metal G\u00f6vdeli Diijital Kumpas"},"content":{"rendered":"<h1>Bts BTS-12046 Metal G\u00f6vdeli Diijital Kumpas<\/h1>\n<p><strong>BTS BTS-12046 Metal G\u00f6vdeli Diijital Kumpas<\/strong>, hassas \u00f6l\u00e7\u00fcmler i\u00e7in kullan\u0131lan bir \u00f6l\u00e7\u00fcm arac\u0131d\u0131r. \u0130\u015fte <strong>BTS BTS-12046 Metal G\u00f6vdeli Diijital Kumpas<\/strong>&#8216;\u0131n olas\u0131 \u00f6zellikleri:<\/p>\n<p>Metal G\u00f6vde: <strong>BTS-12046<\/strong>, dayan\u0131kl\u0131 bir metal g\u00f6vdeye sahip olabilir. Bu, kumpas\u0131n sa\u011flaml\u0131\u011f\u0131n\u0131 ve uzun \u00f6m\u00fcrl\u00fc kullan\u0131m\u0131n\u0131 destekler.<\/p>\n<p>Diijital Ekran: Kumpas, \u00f6l\u00e7\u00fclen de\u011ferleri dijital bir ekran arac\u0131l\u0131\u011f\u0131yla g\u00f6sterebilir. Bu, \u00f6l\u00e7\u00fcm sonu\u00e7lar\u0131n\u0131n daha net ve okunabilir olmas\u0131n\u0131 sa\u011flar.<\/p>\n<p>Hassas \u00d6l\u00e7\u00fcm: <strong>BTS-12046<\/strong>, hassas \u00f6l\u00e7\u00fcmler i\u00e7in tasarlanm\u0131\u015f olabilir. Genellikle milimetre veya in\u00e7 birimleriyle \u00f6l\u00e7\u00fcm yapabilir ve y\u00fcksek hassasiyetle \u00f6l\u00e7\u00fcm sonu\u00e7lar\u0131 sa\u011flayabilir.<\/p>\n<p>\u00d6l\u00e7\u00fcm Aral\u0131\u011f\u0131: Kumpas\u0131n \u00f6l\u00e7\u00fcm aral\u0131\u011f\u0131, \u00fcretici taraf\u0131ndan belirlenir. Belirli bir minimum ve maksimum \u00f6l\u00e7\u00fcm de\u011feri aral\u0131\u011f\u0131na sahip olabilir. Bu, \u00e7e\u015fitli \u00f6l\u00e7\u00fcm ihtiya\u00e7lar\u0131n\u0131 kar\u015f\u0131lamak i\u00e7in farkl\u0131 aral\u0131klarda kullan\u0131labilir.<\/p>\n<p>Veri Tutma ve S\u0131f\u0131rlama: <strong>BTS-12046<\/strong>, \u00f6l\u00e7\u00fclen de\u011ferleri tutma \u00f6zelli\u011fine sahip olabilir. Bu, \u00f6l\u00e7\u00fcm sonu\u00e7lar\u0131n\u0131 kaydetmek veya kar\u015f\u0131la\u015ft\u0131rmak i\u00e7in kullan\u0131c\u0131ya zaman sa\u011flar. Ayr\u0131ca, kumpas\u0131n s\u0131f\u0131rlama \u00f6zelli\u011fi sayesinde \u00f6l\u00e7\u00fcm\u00fc s\u0131f\u0131rlayarak ba\u015fka bir referans noktas\u0131ndan \u00f6l\u00e7\u00fcm yapabilirsiniz.<\/p>\n<p>Kilit Mekanizmas\u0131: <strong>BTS BTS-12046 Metal G\u00f6vdeli Diijital Kumpas<\/strong> \u00fczerinde bir kilit mekanizmas\u0131 bulunabilir. Bu, \u00f6l\u00e7\u00fcm sonu\u00e7lar\u0131n\u0131 sabitlenmi\u015f bir konumda tutman\u0131za olanak tan\u0131r ve g\u00fcvenilirlik sa\u011flar.<\/p>\n","protected":false},"excerpt":{"rendered":"<p>Bts BTS-12046 Metal G\u00f6vdeli Diijital Kumpas<\/p>\n","protected":false},"featured_media":19218,"comment_status":"open","ping_status":"closed","template":"","meta":[],"product_cat":[113,69,248,230],"product_tag":[604],"class_list":{"0":"post-19217","1":"product","2":"type-product","3":"status-publish","4":"has-post-thumbnail","6":"product_cat-el-aletleri","7":"product_cat-hirdavat","8":"product_cat-insaat-ekipman-ve-sarf-malzemeleri","9":"product_cat-olcu-aletleri","10":"product_tag-bts-bts-12046","12":"first","13":"outofstock","14":"taxable","15":"shipping-taxable","16":"product-type-simple"},"_links":{"self":[{"href":"https:\/\/hirdavatustasi.com\/en\/wp-json\/wp\/v2\/product\/19217","targetHints":{"allow":["GET"]}}],"collection":[{"href":"https:\/\/hirdavatustasi.com\/en\/wp-json\/wp\/v2\/product"}],"about":[{"href":"https:\/\/hirdavatustasi.com\/en\/wp-json\/wp\/v2\/types\/product"}],"replies":[{"embeddable":true,"href":"https:\/\/hirdavatustasi.com\/en\/wp-json\/wp\/v2\/comments?post=19217"}],"version-history":[{"count":3,"href":"https:\/\/hirdavatustasi.com\/en\/wp-json\/wp\/v2\/product\/19217\/revisions"}],"predecessor-version":[{"id":19743,"href":"https:\/\/hirdavatustasi.com\/en\/wp-json\/wp\/v2\/product\/19217\/revisions\/19743"}],"wp:featuredmedia":[{"embeddable":true,"href":"https:\/\/hirdavatustasi.com\/en\/wp-json\/wp\/v2\/media\/19218"}],"wp:attachment":[{"href":"https:\/\/hirdavatustasi.com\/en\/wp-json\/wp\/v2\/media?parent=19217"}],"wp:term":[{"taxonomy":"product_cat","embeddable":true,"href":"https:\/\/hirdavatustasi.com\/en\/wp-json\/wp\/v2\/product_cat?post=19217"},{"taxonomy":"product_tag","embeddable":true,"href":"https:\/\/hirdavatustasi.com\/en\/wp-json\/wp\/v2\/product_tag?post=19217"}],"curies":[{"name":"wp","href":"https:\/\/api.w.org\/{rel}","templated":true}]}}