{"id":19238,"date":"2024-01-10T20:27:18","date_gmt":"2024-01-10T20:27:18","guid":{"rendered":"https:\/?post_type=product&#038;p=19238"},"modified":"2024-03-26T21:44:32","modified_gmt":"2024-03-26T21:44:32","slug":"partner-pt01413-boru-kesme-prt01413","status":"publish","type":"product","link":"https:\/\/hirdavatustasi.com\/en\/urun\/partner-pt01413-boru-kesme-prt01413\/","title":{"rendered":"Partner Pt01413 Boru Kesme PRT01413"},"content":{"rendered":"<h1>Partner Pt01413 Boru Kesme &#8211; PRT01413<\/h1>\n<p><strong>Partner PT01413 Boru Kesme (PRT01413)<\/strong>, borular\u0131n kesilmesi i\u00e7in tasarlanm\u0131\u015f bir alettir. \u0130\u015fte <strong>Partner PT01413 Boru Kesme<\/strong>&#8216;nin olas\u0131 teknik \u00f6zellikleri:<\/p>\n<p>Kullan\u0131m Kolayl\u0131\u011f\u0131: <strong>Partner PT01413 Boru Kesme<\/strong>, kullan\u0131c\u0131lar\u0131n borular\u0131 kolayl\u0131kla kesmelerini sa\u011flayan pratik bir tasar\u0131ma sahiptir. Boru kesme i\u015flemlerini h\u0131zl\u0131 ve verimli bir \u015fekilde ger\u00e7ekle\u015ftirmenize yard\u0131mc\u0131 olur.<\/p>\n<p>Kesme Kapasitesi:<strong> PT01413<\/strong>, belirli bir kesme kapasitesine sahip olabilir. Bu kesme kapasitesi, \u00fcreticinin belirtti\u011fi boru \u00e7aplar\u0131 ve t\u00fcrlerine ba\u011fl\u0131 olarak de\u011fi\u015febilir. \u00dcretici veya sat\u0131c\u0131dan kesme kapasitesi hakk\u0131nda daha fazla bilgi alman\u0131z \u00f6nerilir.<\/p>\n<p>Dayan\u0131kl\u0131 Yap\u0131: <strong>Partner PT01413<\/strong>, dayan\u0131kl\u0131 malzemelerden \u00fcretilmi\u015ftir. Bu, uzun \u00f6m\u00fcrl\u00fc kullan\u0131m i\u00e7in sa\u011flaml\u0131k ve dayan\u0131kl\u0131l\u0131k sa\u011flar.<\/p>\n<p>Hassas Kesim: Boru kesme i\u015flemlerinde hassas kesimler elde etmenizi sa\u011flayan bir tasar\u0131ma sahip olabilir. Kesimleri d\u00fczg\u00fcn ve do\u011fru bir \u015fekilde yapman\u0131z\u0131 sa\u011flar.<\/p>\n<p>Uyumluluk: <strong>Partner PT01413<\/strong>, belirli bir boru t\u00fcr\u00fc veya \u00e7ap\u0131yla uyumlu olabilir. Bu, \u00fcreticinin belirtti\u011fi \u00f6zelliklere ve kullan\u0131m talimatlar\u0131na ba\u011fl\u0131 olarak de\u011fi\u015febilir.<\/p>\n","protected":false},"excerpt":{"rendered":"<p>Partner Pt01413 Boru Kesme PRT01413<\/p>\n","protected":false},"featured_media":19239,"comment_status":"open","ping_status":"closed","template":"","meta":[],"product_cat":[113,203,108,209],"product_tag":[609],"class_list":{"0":"post-19238","1":"product","2":"type-product","3":"status-publish","4":"has-post-thumbnail","6":"product_cat-el-aletleri","7":"product_cat-beton-kesme-makineleri","8":"product_cat-endustriyel-makineler","9":"product_cat-insaat-makineleri","10":"product_tag-partner-pt01413","12":"first","13":"outofstock","14":"taxable","15":"shipping-taxable","16":"product-type-simple"},"_links":{"self":[{"href":"https:\/\/hirdavatustasi.com\/en\/wp-json\/wp\/v2\/product\/19238","targetHints":{"allow":["GET"]}}],"collection":[{"href":"https:\/\/hirdavatustasi.com\/en\/wp-json\/wp\/v2\/product"}],"about":[{"href":"https:\/\/hirdavatustasi.com\/en\/wp-json\/wp\/v2\/types\/product"}],"replies":[{"embeddable":true,"href":"https:\/\/hirdavatustasi.com\/en\/wp-json\/wp\/v2\/comments?post=19238"}],"version-history":[{"count":3,"href":"https:\/\/hirdavatustasi.com\/en\/wp-json\/wp\/v2\/product\/19238\/revisions"}],"predecessor-version":[{"id":19734,"href":"https:\/\/hirdavatustasi.com\/en\/wp-json\/wp\/v2\/product\/19238\/revisions\/19734"}],"wp:featuredmedia":[{"embeddable":true,"href":"https:\/\/hirdavatustasi.com\/en\/wp-json\/wp\/v2\/media\/19239"}],"wp:attachment":[{"href":"https:\/\/hirdavatustasi.com\/en\/wp-json\/wp\/v2\/media?parent=19238"}],"wp:term":[{"taxonomy":"product_cat","embeddable":true,"href":"https:\/\/hirdavatustasi.com\/en\/wp-json\/wp\/v2\/product_cat?post=19238"},{"taxonomy":"product_tag","embeddable":true,"href":"https:\/\/hirdavatustasi.com\/en\/wp-json\/wp\/v2\/product_tag?post=19238"}],"curies":[{"name":"wp","href":"https:\/\/api.w.org\/{rel}","templated":true}]}}