{"id":19590,"date":"2024-03-09T18:58:46","date_gmt":"2024-03-09T18:58:46","guid":{"rendered":"https:\/?post_type=product&#038;p=19590"},"modified":"2024-10-29T09:58:27","modified_gmt":"2024-10-29T09:58:27","slug":"rotowash-3-motorlu-islak-kuru-supurge","status":"publish","type":"product","link":"https:\/\/hirdavatustasi.com\/en\/urun\/rotowash-3-motorlu-islak-kuru-supurge\/","title":{"rendered":"Rotowash 3 Motorlu Islak Kuru S\u00fcp\u00fcrge"},"content":{"rendered":"<h1>Rotowash 3 Motorlu Islak Kuru S\u00fcp\u00fcrge<\/h1>\n<p><strong>Rotowash 3 Motorlu Islak Kuru S\u00fcp\u00fcrge<\/strong>, etkili temizlik i\u00e7in tasarlanm\u0131\u015f bir profesyonel temizlik ekipman\u0131d\u0131r. \u0130\u015fte <strong>Rotowash 3 Motorlu Islak Kuru S\u00fcp\u00fcrge<\/strong>&#8216;nin baz\u0131 \u00f6zellikleri:<\/p>\n<p>Motor Say\u0131s\u0131: Bu s\u00fcp\u00fcrge, <strong>3<\/strong> adet motorla \u00e7al\u0131\u015f\u0131r. Bu motorlar, g\u00fc\u00e7l\u00fc bir emi\u015f g\u00fcc\u00fc sa\u011flar ve etkili bir temizlik performans\u0131 sunar. Ayn\u0131 anda \u00e7al\u0131\u015fan \u00fc\u00e7 motor, s\u00fcp\u00fcrgeyi daha verimli hale getirir.<\/p>\n<p>Islak ve Kuru Temizlik: <strong>Rotowash 3 Motorlu S\u00fcp\u00fcrge<\/strong>, hem \u0131slak hem de kuru temizlik i\u00e7in kullan\u0131labilir. Bu \u00f6zellik, hem su bazl\u0131 lekeleri temizlemek hem de normal kuru toz ve kirleri s\u00fcp\u00fcrmek i\u00e7in idealdir. Hem hal\u0131lar hem de sert zeminler \u00fczerinde etkili bir temizlik sa\u011flar.<\/p>\n<p>D\u00fc\u015f\u00fck Nemli Temizlik: Bu s\u00fcp\u00fcrge, d\u00fc\u015f\u00fck nemli temizlik y\u00f6ntemi kullan\u0131r. Su ve temizlik \u00e7\u00f6zeltisi kullan\u0131rken, zeminlerin a\u015f\u0131r\u0131 \u0131slanmas\u0131n\u0131 \u00f6nler. Bu, zeminlerin daha h\u0131zl\u0131 kurumas\u0131n\u0131 sa\u011flar ve i\u015f yerlerinde veya di\u011fer kullan\u0131m alanlar\u0131nda daha h\u0131zl\u0131 kullan\u0131ma izin verir.<\/p>\n<p>Geni\u015f Temizlik Y\u00fczeyi: <strong>Rotowash<\/strong>, geni\u015f bir temizlik y\u00fczeyine sahiptir. Bu, b\u00fcy\u00fck alanlar\u0131 daha h\u0131zl\u0131 bir \u015fekilde temizlemeyi sa\u011flar ve i\u015f verimlili\u011fini art\u0131r\u0131r. Ayn\u0131 zamanda dar b\u00f6lgelere de ula\u015fabilen kompakt bir tasar\u0131ma sahiptir.<\/p>\n<p>Kolay Kullan\u0131m: S\u00fcp\u00fcrge, kullan\u0131m\u0131 kolay bir tasar\u0131ma sahiptir. Ergonomik tutma kolu ve kullan\u0131c\u0131 dostu kontrolleri sayesinde operat\u00f6rler i\u00e7in rahat bir kullan\u0131m sa\u011flar. Ayarlanabilir f\u0131r\u00e7a h\u0131z\u0131 ve emi\u015f g\u00fcc\u00fc gibi \u00f6zellikler, farkl\u0131 temizlik gereksinimlerine uyum sa\u011flar.<\/p>\n<p>Y\u00fcksek Verimlilik:<strong>Rotowash 3 Motorlu Islak Kuru S\u00fcp\u00fcrge<\/strong>, y\u00fcksek verimli bir temizlik sa\u011flar. Etkili f\u0131r\u00e7alama ve emme i\u015flevleri, zeminlerin derinlemesine temizlenmesini sa\u011flar. Bu sayede daha temiz ve daha hijyenik bir ortam elde edilir.<\/p>\n","protected":false},"excerpt":{"rendered":"<p>Rotowash 3 Motorlu Islak Kuru S\u00fcp\u00fcrge<\/p>\n","protected":false},"featured_media":19591,"comment_status":"open","ping_status":"closed","template":"","meta":[],"product_cat":[235,202],"product_tag":[],"class_list":{"0":"post-19590","1":"product","2":"type-product","3":"status-publish","4":"has-post-thumbnail","6":"product_cat-temizlik-urun-gruplari","7":"product_cat-diger-bahce-ekipmanlari","9":"first","10":"instock","11":"taxable","12":"shipping-taxable","13":"purchasable","14":"product-type-simple"},"_links":{"self":[{"href":"https:\/\/hirdavatustasi.com\/en\/wp-json\/wp\/v2\/product\/19590","targetHints":{"allow":["GET"]}}],"collection":[{"href":"https:\/\/hirdavatustasi.com\/en\/wp-json\/wp\/v2\/product"}],"about":[{"href":"https:\/\/hirdavatustasi.com\/en\/wp-json\/wp\/v2\/types\/product"}],"replies":[{"embeddable":true,"href":"https:\/\/hirdavatustasi.com\/en\/wp-json\/wp\/v2\/comments?post=19590"}],"version-history":[{"count":3,"href":"https:\/\/hirdavatustasi.com\/en\/wp-json\/wp\/v2\/product\/19590\/revisions"}],"predecessor-version":[{"id":19693,"href":"https:\/\/hirdavatustasi.com\/en\/wp-json\/wp\/v2\/product\/19590\/revisions\/19693"}],"wp:featuredmedia":[{"embeddable":true,"href":"https:\/\/hirdavatustasi.com\/en\/wp-json\/wp\/v2\/media\/19591"}],"wp:attachment":[{"href":"https:\/\/hirdavatustasi.com\/en\/wp-json\/wp\/v2\/media?parent=19590"}],"wp:term":[{"taxonomy":"product_cat","embeddable":true,"href":"https:\/\/hirdavatustasi.com\/en\/wp-json\/wp\/v2\/product_cat?post=19590"},{"taxonomy":"product_tag","embeddable":true,"href":"https:\/\/hirdavatustasi.com\/en\/wp-json\/wp\/v2\/product_tag?post=19590"}],"curies":[{"name":"wp","href":"https:\/\/api.w.org\/{rel}","templated":true}]}}